{"id":3,"date":"2025-01-23T19:00:38","date_gmt":"2025-01-23T16:00:38","guid":{"rendered":"https:\/\/gartenpflege-dragan.at\/?page_id=3"},"modified":"2025-02-02T23:24:22","modified_gmt":"2025-02-02T20:24:22","slug":"privacy-policy","status":"publish","type":"page","link":"https:\/\/gartenpflege-dragan.at\/?page_id=3","title":{"rendered":"Datenschutzerkl\u00e4rung"},"content":{"rendered":"\n<h2 class=\"wp-block-heading\"><strong>1. Allgemeine Hinweise<\/strong><\/h2>\n\n\n\n<p>Wir freuen uns \u00fcber Ihr Interesse an unserer Website <a>https:\/\/gartenpflege-dragan.at<\/a> (im Folgenden &#171;Website&#187;). Der Schutz Ihrer personenbezogenen Daten ist uns ein wichtiges Anliegen. Nachfolgend informieren wir Sie dar\u00fcber, welche Daten wir erheben, wie wir sie verwenden und welche Rechte Sie haben.<\/p>\n\n\n\n<h2 class=\"wp-block-heading\"><strong>2. Verantwortliche Stelle<\/strong><\/h2>\n\n\n\n<p>Verantwortlich f\u00fcr die Datenverarbeitung auf dieser Website ist:<br>gartenpflege-dragan.at<br>E-Mail: <a><a href=\"https:\/\/gartenpflege-dragan.at\/%E2%80%9Dmailto:gartenpflege.at@gmail.com%E2%80%9D\">gartenpflege.at@gmail.com<\/a><\/a><\/p>\n\n\n\n<h2 class=\"wp-block-heading\"><strong>3. Erhebung und Verarbeitung personenbezogener Daten<\/strong><\/h2>\n\n\n\n<p>Wir erheben und verarbeiten personenbezogene Daten nur, soweit dies zur Bereitstellung einer funktionsf\u00e4higen Website sowie unserer Inhalte und Dienstleistungen erforderlich ist. Personenbezogene Daten werden nur verarbeitet, wenn dies gesetzlich erlaubt ist oder Sie eingewilligt haben.<\/p>\n\n\n\n<h2 class=\"wp-block-heading\"><strong>4. Zweck der Datenverarbeitung<\/strong><\/h2>\n\n\n\n<p>Ihre Daten werden zu folgenden Zwecken verarbeitet:<\/p>\n\n\n\n<p>Sicherheitsma\u00dfnahmen zur Abwehr von Cyberangriffen<\/p>\n\n\n\n<p>Bereitstellung und Optimierung der Website<\/p>\n\n\n\n<p>Bearbeitung von Anfragen und Kommunikation<\/p>\n\n\n\n<p>Vertragserf\u00fcllung und Kundenbetreuung<\/p>\n\n\n\n<h2 class=\"wp-block-heading\"><strong>5. Weitergabe von Daten an Dritte<\/strong><\/h2>\n\n\n\n<p>Eine Weitergabe Ihrer personenbezogenen Daten an Dritte erfolgt nur, wenn dies zur Vertragserf\u00fcllung erforderlich ist, eine gesetzliche Verpflichtung besteht oder Sie ausdr\u00fccklich zugestimmt haben.<\/p>\n\n\n\n<h2 class=\"wp-block-heading\"><strong>6. Speicherung und L\u00f6schung von Daten<\/strong><\/h2>\n\n\n\n<p>Wir speichern Ihre personenbezogenen Daten nur so lange, wie es f\u00fcr die Erf\u00fcllung der genannten Zwecke erforderlich ist oder gesetzliche Aufbewahrungspflichten bestehen. Danach werden die Daten gel\u00f6scht.<\/p>\n\n\n\n<h2 class=\"wp-block-heading\"><strong>7. Ihre Rechte<\/strong><\/h2>\n\n\n\n<p>Sie haben folgende Rechte:<\/p>\n\n\n\n<p>Daten\u00fcbertragbarkeit<\/p>\n\n\n\n<p>Auskunft \u00fcber Ihre gespeicherten Daten<\/p>\n\n\n\n<p>Berichtigung unrichtiger Daten<\/p>\n\n\n\n<p>L\u00f6schung Ihrer Daten, sofern keine gesetzliche Aufbewahrungspflicht besteht<\/p>\n\n\n\n<p>Einschr\u00e4nkung der Verarbeitung Ihrer Daten<\/p>\n\n\n\n<p>Widerspruch gegen die Datenverarbeitung<\/p>\n\n\n\n<p>Bitte kontaktieren Sie uns unter der oben angegebenen Adresse, wenn Sie Ihre Rechte aus\u00fcben m\u00f6chten.<\/p>\n\n\n\n<h2 class=\"wp-block-heading\"><strong>8. Cookies und Tracking-Technologien<\/strong><\/h2>\n\n\n\n<p>Unsere Website verwendet Cookies und \u00e4hnliche Technologien, um die Benutzererfahrung zu verbessern. Sie k\u00f6nnen die Speicherung von Cookies in den Einstellungen Ihres Browsers verhindern.<\/p>\n\n\n\n<h2 class=\"wp-block-heading\"><strong>9. \u00c4nderungen der Datenschutzerkl\u00e4rung<\/strong><\/h2>\n\n\n\n<p>Wir behalten uns vor, diese Datenschutzerkl\u00e4rung anzupassen, um gesetzlichen Anforderungen zu entsprechen oder \u00c4nderungen an unseren Diensten zu ber\u00fccksichtigen.<\/p>\n","protected":false},"excerpt":{"rendered":"<p>1. Allgemeine Hinweise Wir freuen uns \u00fcber Ihr Interesse an unserer Website https:\/\/gartenpflege-dragan.at (im Folgenden &#171;Website&#187;). Der Schutz Ihrer personenbezogenen Daten ist uns ein wichtiges Anliegen. Nachfolgend informieren wir Sie dar\u00fcber, welche Daten wir erheben, wie wir sie verwenden und welche Rechte Sie haben. 2. Verantwortliche Stelle Verantwortlich f\u00fcr die Datenverarbeitung auf dieser Website ist:gartenpflege-dragan.atE-Mail: [&hellip;]<\/p>\n","protected":false},"author":1,"featured_media":0,"parent":0,"menu_order":0,"comment_status":"closed","ping_status":"open","template":"","meta":{"inline_featured_image":false,"footnotes":"[]"},"class_list":["post-3","page","type-page","status-publish","hentry"],"_links":{"self":[{"href":"https:\/\/gartenpflege-dragan.at\/index.php?rest_route=\/wp\/v2\/pages\/3","targetHints":{"allow":["GET"]}}],"collection":[{"href":"https:\/\/gartenpflege-dragan.at\/index.php?rest_route=\/wp\/v2\/pages"}],"about":[{"href":"https:\/\/gartenpflege-dragan.at\/index.php?rest_route=\/wp\/v2\/types\/page"}],"author":[{"embeddable":true,"href":"https:\/\/gartenpflege-dragan.at\/index.php?rest_route=\/wp\/v2\/users\/1"}],"replies":[{"embeddable":true,"href":"https:\/\/gartenpflege-dragan.at\/index.php?rest_route=%2Fwp%2Fv2%2Fcomments&post=3"}],"version-history":[{"count":3,"href":"https:\/\/gartenpflege-dragan.at\/index.php?rest_route=\/wp\/v2\/pages\/3\/revisions"}],"predecessor-version":[{"id":219,"href":"https:\/\/gartenpflege-dragan.at\/index.php?rest_route=\/wp\/v2\/pages\/3\/revisions\/219"}],"wp:attachment":[{"href":"https:\/\/gartenpflege-dragan.at\/index.php?rest_route=%2Fwp%2Fv2%2Fmedia&parent=3"}],"curies":[{"name":"wp","href":"https:\/\/api.w.org\/{rel}","templated":true}]}}